{"id":5445,"date":"2019-04-17T09:29:53","date_gmt":"2019-04-17T09:29:53","guid":{"rendered":"https:\/\/www.domainedeleglise.com\/home\/"},"modified":"2024-07-09T15:44:47","modified_gmt":"2024-07-09T13:44:47","slug":"domainedeleglise-com-chateaudomainedeleglisepomerol-home","status":"publish","type":"page","link":"https:\/\/www.domainedeleglise.com\/en\/","title":{"rendered":"Home"},"content":{"rendered":"<div class=\"wpb-content-wrapper\">[vc_row full_height=&#8221;yes&#8221; columns_placement=&#8221;stretch&#8221; equal_height=&#8221;yes&#8221; css_animation=&#8221;none&#8221; el_id=&#8221;section-1&#8243; el_class=&#8221;vc_row_slider&#8221;][vc_column el_class=&#8221;column-no-zindex&#8221;]\t<section class=\"section-slider-main\">\r\n\t\t\r\n\t\t<div class=\"slider-main\">\r\n\t\t\t<div class=\"slider__clip swiper-container\">\r\n\t\t\t\t<div class=\"slider__slides swiper-wrapper\">\r\n\t\t\t\t\t\t<div class=\"slider__slide swiper-slide\">\r\n\t\t<div class=\"slider__slide-image\"\r\n\t\tstyle=\"background-image: url(https:\/\/www.domainedeleglise.com\/wp-content\/uploads\/2021\/10\/7H0A4958.jpg);\">\r\n\t\t<\/div><!-- \/.slider__slide-image -->\r\n\r\n\t\t\t\t\t<div class=\"slider__slide-content\">\r\n\t\t\t\t<a href=\"https:\/\/www.domainedeleglise.com\/en\/\" class=\"intro-logo\">\r\n\t\t\t\t\t<img decoding=\"async\" src=\"https:\/\/www.domainedeleglise.com\/wp-content\/uploads\/2021\/10\/Group-192.svg\" class=\"aligncenter logo-desktop\" alt=\"\" \/><img decoding=\"async\" src=\"https:\/\/www.domainedeleglise.com\/wp-content\/uploads\/2021\/10\/Group-192.svg\" class=\"aligncenter logo-mobile\" alt=\"\" \/>\t\t\t\t<\/a>\r\n\t\t\t<\/div><!-- \/.slider__slide-content -->\r\n\t\t\t<\/div><!-- \/.slider__slide -->\r\n\t\t<div class=\"slider__slide swiper-slide\">\r\n\t\t<div class=\"slider__slide-image slider__slide--video\">\r\n\t\t\t<div id=\"video-HhnOb5_KM4Y\"\r\n\t\t\t\tclass=\"video\"\r\n\t\t\t\tdata-video-width=\"640\"\r\n\t\t\t\tdata-video-height=\"360\"\r\n\t\t\t\tdata-video-offset=\"20\"\r\n\t\t\t>\r\n\t\t\t\t<div class=\"js-player\"\r\n\t\t\t\t\tid=\"player-HhnOb5_KM4Y\"\r\n\t\t\t\t\tdata-plyr-provider=\"youtube\"\r\n\t\t\t\t\tdata-plyr-embed-id=\"HhnOb5_KM4Y\"\r\n\t\t\t\t><\/div>\r\n\t\t\t<\/div><!-- \/.video -->\r\n\t\t<\/div><!-- \/.slider__slide-image -->\r\n\r\n\t\t\t<\/div><!-- \/.slider__slide -->\r\n\t\n\t\t\t\t<\/div><!-- \/.slider__slides -->\r\n\t\t\t<\/div><!-- \/.slider__clip -->\r\n\r\n\t\t\t<div class=\"swiper-button-prev\"><\/div>\r\n\t\t\t<div class=\"swiper-button-next\"><\/div>\r\n\r\n\t\t\t<div class=\"slider__scrollbar\"><\/div><!-- \/.slider__scrollbar -->\r\n\t\t<\/div><!-- \/.slider-main -->\r\n\t<\/section><!-- \/.section-slider-main -->\r\n\t[\/vc_column][\/vc_row][vc_row full_height=&#8221;yes&#8221; columns_placement=&#8221;stretch&#8221; equal_height=&#8221;yes&#8221; content_placement=&#8221;middle&#8221; el_id=&#8221;section-2&#8243; el_class=&#8221;vc_row_overlap&#8221;][vc_column css_animation=&#8221;fadeInLeft&#8221; width=&#8221;5\/12&#8243;][vc_column_text css=&#8221;.vc_custom_1720531950512{padding-left: 80px !important;}&#8221;]\n<h2><span style=\"color: #001b2a;\">Le Ch\u00e2teau du Domaine de l&#8217;Eglise, the oldest vineyard in Pomerol<\/span><\/h2>\n<p>The estate, acquired by \u00c9mile Cast\u00e9ja in 1973 at the same time as Ch\u00e2teau Pignon (Lalande-de-Pomerol), is now run by his son, Philippe Cast\u00e9ja.<\/p>\n<blockquote><p>\u00ab I really liked this wine and<br \/>\nthought it would be good for<br \/>\nthe house to have a Pomerol.\u00a0\u00bb<\/p><\/blockquote>\n<p>Emile Cast\u00e9ja<\/p>\n<p><a href=\"https:\/\/www.domainedeleglise.com\/en\/presentation\/\">History of the Ch\u00e2teau<\/a>[\/vc_column_text][\/vc_column][vc_column css_animation=&#8221;fadeInRight&#8221; width=&#8221;7\/12&#8243; css=&#8221;.vc_custom_1653054215394{padding-right: 15px !important;background-image: url(https:\/\/www.domainedeleglise.com\/wp-content\/uploads\/2022\/05\/Philippe-Caste\u0301ja-et-Emile-Caste\u0301ja-1.jpg?id=5244) !important;background-position: center !important;background-repeat: no-repeat !important;background-size: cover !important;}&#8221;][\/vc_column][\/vc_row][vc_row content_placement=&#8221;bottom&#8221; el_id=&#8221;section-3&#8243; css=&#8221;.vc_custom_1621578947557{background-color: #f8f7f7 !important;}&#8221; el_class=&#8221;vc_row_overlap&#8221;][vc_column css_animation=&#8221;fadeInLeft&#8221; width=&#8221;5\/12&#8243;][vc_single_image image=&#8221;4477&#8243; img_size=&#8221;full&#8221; alignment=&#8221;right&#8221;][\/vc_column][vc_column css_animation=&#8221;fadeInRight&#8221; width=&#8221;7\/12&#8243; el_class=&#8221;flex-center&#8221;][vc_column_text]\n<h2><span style=\"color: #001b2a;\">A remarkable vineyard in the heart of the \u00ab petite r\u00e9publique villageoise \u00bb<\/span><\/h2>\n<p>Located in the shadow of the church tower of the commune of Pomerol, the vineyard of Ch\u00e2teau du Domaine de l&#8217;\u00c9glise extends over a 7-hectare terroir. Planted with 95% Merlot and 5% Cabernet Franc on gravel and clay soils, it produces top-quality grapes.<\/p>\n<p><a href=\"https:\/\/www.domainedeleglise.com\/en\/terroir\/\">More information about the terroir and vineyards of Domaine de l&#8217;\u00c9glise<\/a>[\/vc_column_text][\/vc_column][\/vc_row][vc_row full_height=&#8221;yes&#8221; columns_placement=&#8221;stretch&#8221; equal_height=&#8221;yes&#8221; el_id=&#8221;section-4&#8243;][vc_column el_class=&#8221;column-no-zindex&#8221;]\t<section class=\"section-slider-main\">\r\n\t\t\t\t\t<div class=\"section__body\">\r\n\t\t\t\t<div class=\"shell\">\r\n\t\t\t\t\t<div class=\"section__body-inner\">\r\n\t\t\t\t\t\t\t\t\t\t\t\t\t<h3>\r\n\t\t\t\t\t\t\t\t<span>\r\n\t\t\t\t\t\t\t\t\tTraditional Bordeaux know-how,<br \/>\naccustomed to excellence\t\t\t\t\t\t\t\t<\/span>\r\n\t\t\t\t\t\t\t<\/h3>\r\n\t\t\t\t\t\t\r\n\t\t\t\t\t\t<p>Ch\u00e2teau du Domaine de l'\u00c9glise is produced by the same team as Ch\u00e2teau Trotte-Vieille (1er Grand Cru Class\u00e9 Saint-\u00c9milion). Accustomed to working rigorously to produce wines of Exception, the team at the Ch\u00e2teau takes the wine of Domaine de l'\u00c9glise to the very top, to approach the greatest wines of Bordeaux.<\/p>\n\r\n\t\t\t\t\t\t\t\t\t\t\t\t\t<p>\r\n\t\t\t\t\t\t\t\t<a href=\"https:\/\/www.domainedeleglise.com\/en\/know-how\/\">\r\n\t\t\t\t\t\t\t\t\tDiscover our team&#039;s expertise\t\t\t\t\t\t\t\t<\/a>\r\n\t\t\t\t\t\t\t<\/p>\r\n\t\t\t\t\t\t\t\t\t\t\t<\/div><!-- \/.section__body-inner -->\r\n\t\t\t\t<\/div><!-- \/.shell -->\r\n\t\t\t<\/div><!-- \/.section__body -->\r\n\t\t\r\n\t\t<div class=\"slider-main\">\r\n\t\t\t<div class=\"slider__clip swiper-container\">\r\n\t\t\t\t<div class=\"slider__slides swiper-wrapper\">\r\n\t\t\t\t\t\t<div class=\"slider__slide swiper-slide\">\r\n\t\t<div class=\"slider__slide-image\"\r\n\t\tstyle=\"background-image: url(https:\/\/www.domainedeleglise.com\/wp-content\/uploads\/2021\/10\/7H0A5064.jpg);\">\r\n\t\t<\/div><!-- \/.slider__slide-image -->\r\n\r\n\t\t\t<\/div><!-- \/.slider__slide -->\r\n\t\t<div class=\"slider__slide swiper-slide\">\r\n\t\t<div class=\"slider__slide-image\"\r\n\t\tstyle=\"background-image: url(https:\/\/www.domainedeleglise.com\/wp-content\/uploads\/2021\/11\/BLOC-4-7H0A4864-min-1920x1280.jpg);\">\r\n\t\t<\/div><!-- \/.slider__slide-image -->\r\n\r\n\t\t\t<\/div><!-- \/.slider__slide -->\r\n\t\n\t\t\t\t<\/div><!-- \/.slider__slides -->\r\n\t\t\t<\/div><!-- \/.slider__clip -->\r\n\r\n\t\t\t<div class=\"swiper-button-prev\"><\/div>\r\n\t\t\t<div class=\"swiper-button-next\"><\/div>\r\n\r\n\t\t\t<div class=\"slider__scrollbar\"><\/div><!-- \/.slider__scrollbar -->\r\n\t\t<\/div><!-- \/.slider-main -->\r\n\t<\/section><!-- \/.section-slider-main -->\r\n\t[\/vc_column][\/vc_row][vc_row full_height=&#8221;yes&#8221; columns_placement=&#8221;stretch&#8221; equal_height=&#8221;yes&#8221; content_placement=&#8221;middle&#8221; el_id=&#8221;section-5&#8243; el_class=&#8221;vc_row_overlap&#8221;][vc_column css_animation=&#8221;fadeInLeft&#8221; width=&#8221;5\/12&#8243;][vc_column_text]\n<h3><span style=\"color: #001b2a;\">A family,<br \/>\na team<\/span><\/h3>\n<p>A few years after its acquisition, Philippe Cast\u00e9ja took over the management of Ch\u00e2teau du Domaine de l&#8217;\u00c9glise. Today, surrounded by a number of enlightened collaborators, the wine has reached a level comparable to that of the Grands Crus Class\u00e9s.<\/p>\n<p><a href=\"https:\/\/www.domainedeleglise.com\/en\/team\/\">See the team<\/a>[\/vc_column_text][\/vc_column][vc_column css_animation=&#8221;none&#8221; width=&#8221;7\/12&#8243; css=&#8221;.vc_custom_1634913193820{padding-right: 15px !important;background-image: url(https:\/\/www.domainedeleglise.com\/wp-content\/uploads\/2021\/10\/BLOC-5-CASTEJA-PHILIPPE.115.jpg?id=4489) !important;background-position: center !important;background-repeat: no-repeat !important;background-size: cover !important;}&#8221;][\/vc_column][\/vc_row][vc_row full_height=&#8221;yes&#8221; columns_placement=&#8221;stretch&#8221; equal_height=&#8221;yes&#8221; content_placement=&#8221;middle&#8221; el_id=&#8221;section-6&#8243;][vc_column css_animation=&#8221;fadeInLeft&#8221; width=&#8221;1\/2&#8243; css=&#8221;.vc_custom_1634913278090{background-image: url(https:\/\/www.domainedeleglise.com\/wp-content\/uploads\/2021\/10\/7H0A9452.jpg?id=4493) !important;background-position: center !important;background-repeat: no-repeat !important;background-size: cover !important;}&#8221;][\/vc_column][vc_column css_animation=&#8221;fadeInRight&#8221; width=&#8221;1\/2&#8243;][vc_column_text]\n<h3><span style=\"color: #001b2a;\">Towards a cru of excellence<\/span><\/h3>\n<p>Ch\u00e2teau du Domaine de l&#8217;\u00c9glise AOC Pomerol is a full-bodied, silky wine with rich aromas. Sought-after by wine lovers, it has for some years now offered exceptional quality, similar to that of the Grands Vins.<\/p>\n<blockquote><p>\u00ab It&#8217;s a discreet cru,<br \/>\nbut highly sought-after<br \/>\nby connoisseurs. \u00bb<\/p><\/blockquote>\n<p>Idealwine<\/p>\n<p><a href=\"https:\/\/www.domainedeleglise.com\/en\/wine\/\">Discover our wine<\/a>[\/vc_column_text][\/vc_column][\/vc_row][vc_row full_height=&#8221;yes&#8221; columns_placement=&#8221;stretch&#8221; equal_height=&#8221;yes&#8221; content_placement=&#8221;middle&#8221; el_id=&#8221;section-7&#8243; css=&#8221;.vc_custom_1630480612429{padding-top: 80px !important;background-color: #f8f7f7 !important;}&#8221;][vc_column][vc_row_inner el_class=&#8221;vc_row_news_title&#8221;][vc_column_inner el_class=&#8221;section-news-text&#8221;][vc_column_text]\n<h2><span style=\"color: #001b2a;\">Nos derni\u00e8res Actualit\u00e9s<\/span><\/h2>\n[\/vc_column_text][\/vc_column_inner][\/vc_row_inner]\t<section class=\"section-news\">\r\n\t\t<div class=\"section__body\">\r\n\t\t\t<div class=\"shell\">\r\n\t\t\t\t<ol class=\"articles\">\r\n\t\t\t\t\t\t\t\t\t\t\t<li class=\"article\">\r\n\t\t\t\t\t\t\t<div class=\"article__inner\">\r\n\t\t\t\t\t\t\t\t\t\t\t\t\t\t\t\t\t<div class=\"article__image\">\r\n\t\t\t\t\t\t\t\t\t\t<a href=\"https:\/\/www.domainedeleglise.com\/en\/primeurs-domainedeleglise-2023\/\" class=\"article__image-inner\"\r\n\t\t\t\t\t\t\t\t\t\tstyle=\"background-image: url(https:\/\/www.domainedeleglise.com\/wp-content\/uploads\/2023\/06\/DOMAINEDELEGLISE_article2023-768x768.png);\">\r\n\t\t\t\t\t\t\t\t\t\t<\/a>\r\n\t\t\t\t\t\t\t\t\t<\/div><!-- \/.article__image -->\r\n\t\t\t\t\t\t\t\t\t\t\t\t\t\t\t\t<div class=\"article__body\">\r\n\t\t\t\t\t\t\t\t\t<div class=\"article__meta\">\r\n\t\t\t\t\t\t\t\t\t\t<ul>\r\n\t\t\t\t\t\t\t\t\t\t\t<li>9 June 2023<\/li>\r\n\t\t\t\t\t\t\t\t\t\t<\/ul>\r\n\t\t\t\t\t\t\t\t\t<\/div><!-- \/.article__meta -->\r\n\t\t\t\t\t\t\t\t\t<div class=\"article__content\">\r\n\t\t\t\t\t\t\t\t\t\t<h2>\r\n\t\t\t\t\t\t\t\t\t\t\t<a href=\"https:\/\/www.domainedeleglise.com\/en\/primeurs-domainedeleglise-2023\/\">\r\n\t\t\t\t\t\t\t\t\t\t\t\t[PRIMEURS] Domaine de L&#8217;\u00c9glise 2022\t\t\t\t\t\t\t\t\t\t\t<\/a>\r\n\t\t\t\t\t\t\t\t\t\t<\/h2>\r\n\t\t\t\t\t\t\t\t\t\t<p>We are delighted to present the 2022 vintage of Ch\u00e2teau du Domaine de l&#8217;Eglise and its press reviews. 2022 is an exceptional vintage on several counts: exceptional climate, (&#8230;)<\/p>\n\t\t\t\t\t\t\t\t\t<\/div><!-- \/.article__content -->\r\n\t\t\t\t\t\t\t\t\t<div class=\"article__actions\">\r\n\t\t\t\t\t\t\t\t\t\t<a href=\"https:\/\/www.domainedeleglise.com\/en\/primeurs-domainedeleglise-2023\/\">Read more<\/a>\r\n\t\t\t\t\t\t\t\t\t<\/div><!-- \/.article__actions -->\r\n\t\t\t\t\t\t\t\t<\/div><!-- \/.article__body -->\r\n\t\t\t\t\t\t\t<\/div><!-- \/.article__inner -->\r\n\t\t\t\t\t\t<\/li><!-- \/.article -->\r\n\t\t\t\t\t\t\t\t\t<\/ol><!-- \/.articles -->\r\n\t\t\t<\/div><!-- \/.shell -->\r\n\t\t<\/div><!-- \/.section__body -->\r\n\t<\/section><!-- \/.section-news -->\r\n\t[\/vc_column][\/vc_row]\n<\/div>","protected":false},"excerpt":{"rendered":"<p>[vc_row full_height=&#8221;yes&#8221; columns_placement=&#8221;stretch&#8221; equal_height=&#8221;yes&#8221; css_animation=&#8221;none&#8221; el_id=&#8221;section-1&#8243; el_class=&#8221;vc_row_slider&#8221;][vc_column el_class=&#8221;column-no-zindex&#8221;][\/vc_column][\/vc_row][vc_row full_height=&#8221;yes&#8221; columns_placement=&#8221;stretch&#8221; equal_height=&#8221;yes&#8221; content_placement=&#8221;middle&#8221; el_id=&#8221;section-2&#8243; el_class=&#8221;vc_row_overlap&#8221;][vc_column css_animation=&#8221;fadeInLeft&#8221; width=&#8221;5\/12&#8243;][vc_column_text css=&#8221;.vc_custom_1720531950512{padding-left: 80px !important;}&#8221;] Le Ch\u00e2teau du Domaine de l&#8217;Eglise, the oldest vineyard (&#8230;)<\/p>\n","protected":false},"author":3,"featured_media":0,"parent":0,"menu_order":0,"comment_status":"closed","ping_status":"closed","template":"","meta":{"footnotes":""},"class_list":["post-5445","page","type-page","status-publish","hentry"],"yoast_head":"<!-- This site is optimized with the Yoast SEO plugin v26.1.1 - https:\/\/yoast.com\/wordpress\/plugins\/seo\/ -->\n<title>Chateau Domaine de l&#039;Eglise Pomerol<\/title>\n<meta name=\"description\" content=\"Discover Ch\u00e2teau du Domaine de l&#039;\u00c9glise, Pomerol&#039;s oldest vineyard, producing top-quality wines on its exceptional terroir.\" \/>\n<meta name=\"robots\" content=\"index, follow, max-snippet:-1, max-image-preview:large, max-video-preview:-1\" \/>\n<link rel=\"canonical\" href=\"https:\/\/www.domainedeleglise.com\/en\/\" \/>\n<meta property=\"og:locale\" content=\"en_US\" \/>\n<meta property=\"og:type\" content=\"article\" \/>\n<meta property=\"og:title\" content=\"Chateau Domaine de l&#039;Eglise Pomerol\" \/>\n<meta property=\"og:description\" content=\"Discover Ch\u00e2teau du Domaine de l&#039;\u00c9glise, Pomerol&#039;s oldest vineyard, producing top-quality wines on its exceptional terroir.\" \/>\n<meta property=\"og:url\" content=\"https:\/\/www.domainedeleglise.com\/en\/\" \/>\n<meta property=\"og:site_name\" content=\"Ch\u00e2teau du Domaine de l\u2019\u00c9glise\" \/>\n<meta property=\"article:modified_time\" content=\"2024-07-09T13:44:47+00:00\" \/>\n<meta name=\"twitter:card\" content=\"summary_large_image\" \/>\n<meta name=\"twitter:label1\" content=\"Est. reading time\" \/>\n\t<meta name=\"twitter:data1\" content=\"3 minutes\" \/>\n<script type=\"application\/ld+json\" class=\"yoast-schema-graph\">{\"@context\":\"https:\/\/schema.org\",\"@graph\":[{\"@type\":\"WebPage\",\"@id\":\"https:\/\/www.domainedeleglise.com\/en\/\",\"url\":\"https:\/\/www.domainedeleglise.com\/en\/\",\"name\":\"Chateau Domaine de l'Eglise Pomerol\",\"isPartOf\":{\"@id\":\"https:\/\/www.domainedeleglise.com\/en\/#website\"},\"datePublished\":\"2019-04-17T09:29:53+00:00\",\"dateModified\":\"2024-07-09T13:44:47+00:00\",\"description\":\"Discover Ch\u00e2teau du Domaine de l'\u00c9glise, Pomerol's oldest vineyard, producing top-quality wines on its exceptional terroir.\",\"breadcrumb\":{\"@id\":\"https:\/\/www.domainedeleglise.com\/en\/#breadcrumb\"},\"inLanguage\":\"en-US\",\"potentialAction\":[{\"@type\":\"ReadAction\",\"target\":[\"https:\/\/www.domainedeleglise.com\/en\/\"]}]},{\"@type\":\"BreadcrumbList\",\"@id\":\"https:\/\/www.domainedeleglise.com\/en\/#breadcrumb\",\"itemListElement\":[{\"@type\":\"ListItem\",\"position\":1,\"name\":\"Accueil\",\"item\":\"https:\/\/www.domainedeleglise.com\/en\/\"},{\"@type\":\"ListItem\",\"position\":2,\"name\":\"Home\"}]},{\"@type\":\"WebSite\",\"@id\":\"https:\/\/www.domainedeleglise.com\/en\/#website\",\"url\":\"https:\/\/www.domainedeleglise.com\/en\/\",\"name\":\"Ch\u00e2teau du Domaine de l\u2019\u00c9glise\",\"description\":\"Grand Cru Classe en 1855\",\"potentialAction\":[{\"@type\":\"SearchAction\",\"target\":{\"@type\":\"EntryPoint\",\"urlTemplate\":\"https:\/\/www.domainedeleglise.com\/en\/?s={search_term_string}\"},\"query-input\":{\"@type\":\"PropertyValueSpecification\",\"valueRequired\":true,\"valueName\":\"search_term_string\"}}],\"inLanguage\":\"en-US\"}]}<\/script>\n<!-- \/ Yoast SEO plugin. -->","yoast_head_json":{"title":"Chateau Domaine de l'Eglise Pomerol","description":"Discover Ch\u00e2teau du Domaine de l'\u00c9glise, Pomerol's oldest vineyard, producing top-quality wines on its exceptional terroir.","robots":{"index":"index","follow":"follow","max-snippet":"max-snippet:-1","max-image-preview":"max-image-preview:large","max-video-preview":"max-video-preview:-1"},"canonical":"https:\/\/www.domainedeleglise.com\/en\/","og_locale":"en_US","og_type":"article","og_title":"Chateau Domaine de l'Eglise Pomerol","og_description":"Discover Ch\u00e2teau du Domaine de l'\u00c9glise, Pomerol's oldest vineyard, producing top-quality wines on its exceptional terroir.","og_url":"https:\/\/www.domainedeleglise.com\/en\/","og_site_name":"Ch\u00e2teau du Domaine de l\u2019\u00c9glise","article_modified_time":"2024-07-09T13:44:47+00:00","twitter_card":"summary_large_image","twitter_misc":{"Est. reading time":"3 minutes"},"schema":{"@context":"https:\/\/schema.org","@graph":[{"@type":"WebPage","@id":"https:\/\/www.domainedeleglise.com\/en\/","url":"https:\/\/www.domainedeleglise.com\/en\/","name":"Chateau Domaine de l'Eglise Pomerol","isPartOf":{"@id":"https:\/\/www.domainedeleglise.com\/en\/#website"},"datePublished":"2019-04-17T09:29:53+00:00","dateModified":"2024-07-09T13:44:47+00:00","description":"Discover Ch\u00e2teau du Domaine de l'\u00c9glise, Pomerol's oldest vineyard, producing top-quality wines on its exceptional terroir.","breadcrumb":{"@id":"https:\/\/www.domainedeleglise.com\/en\/#breadcrumb"},"inLanguage":"en-US","potentialAction":[{"@type":"ReadAction","target":["https:\/\/www.domainedeleglise.com\/en\/"]}]},{"@type":"BreadcrumbList","@id":"https:\/\/www.domainedeleglise.com\/en\/#breadcrumb","itemListElement":[{"@type":"ListItem","position":1,"name":"Accueil","item":"https:\/\/www.domainedeleglise.com\/en\/"},{"@type":"ListItem","position":2,"name":"Home"}]},{"@type":"WebSite","@id":"https:\/\/www.domainedeleglise.com\/en\/#website","url":"https:\/\/www.domainedeleglise.com\/en\/","name":"Ch\u00e2teau du Domaine de l\u2019\u00c9glise","description":"Grand Cru Classe en 1855","potentialAction":[{"@type":"SearchAction","target":{"@type":"EntryPoint","urlTemplate":"https:\/\/www.domainedeleglise.com\/en\/?s={search_term_string}"},"query-input":{"@type":"PropertyValueSpecification","valueRequired":true,"valueName":"search_term_string"}}],"inLanguage":"en-US"}]}},"_links":{"self":[{"href":"https:\/\/www.domainedeleglise.com\/en\/wp-json\/wp\/v2\/pages\/5445","targetHints":{"allow":["GET"]}}],"collection":[{"href":"https:\/\/www.domainedeleglise.com\/en\/wp-json\/wp\/v2\/pages"}],"about":[{"href":"https:\/\/www.domainedeleglise.com\/en\/wp-json\/wp\/v2\/types\/page"}],"author":[{"embeddable":true,"href":"https:\/\/www.domainedeleglise.com\/en\/wp-json\/wp\/v2\/users\/3"}],"replies":[{"embeddable":true,"href":"https:\/\/www.domainedeleglise.com\/en\/wp-json\/wp\/v2\/comments?post=5445"}],"version-history":[{"count":16,"href":"https:\/\/www.domainedeleglise.com\/en\/wp-json\/wp\/v2\/pages\/5445\/revisions"}],"predecessor-version":[{"id":5712,"href":"https:\/\/www.domainedeleglise.com\/en\/wp-json\/wp\/v2\/pages\/5445\/revisions\/5712"}],"wp:attachment":[{"href":"https:\/\/www.domainedeleglise.com\/en\/wp-json\/wp\/v2\/media?parent=5445"}],"curies":[{"name":"wp","href":"https:\/\/api.w.org\/{rel}","templated":true}]}}