{"id":5714,"date":"2019-04-16T11:46:56","date_gmt":"2019-04-16T11:46:56","guid":{"rendered":"https:\/\/www.domainedeleglise.com\/mentions-legales\/"},"modified":"2025-02-10T17:00:22","modified_gmt":"2025-02-10T16:00:22","slug":"legal","status":"publish","type":"page","link":"https:\/\/www.domainedeleglise.com\/en\/legal\/","title":{"rendered":"Legal"},"content":{"rendered":"<div class=\"wpb-content-wrapper\">[vc_row full_height=&#8221;yes&#8221; columns_placement=&#8221;stretch&#8221; el_class=&#8221;vc_row_intro&#8221; css=&#8221;.vc_custom_1636624919412{background-image: url(https:\/\/www.domainedeleglise.com\/wp-content\/uploads\/2021\/11\/BLOC-1-7H0A4936-scaled.jpg?id=5038) !important;background-position: center !important;background-repeat: no-repeat !important;background-size: cover !important;}&#8221; el_id=&#8221;section-1&#8243;][vc_column][vc_column_text]\t<p>\r\n\t\t<a href=\"https:\/\/www.domainedeleglise.com\/en\/\" class=\"intro-logo\">\r\n\t\t\t<img decoding=\"async\" src=\"https:\/\/www.domainedeleglise.com\/wp-content\/uploads\/2021\/10\/Group-192.svg\" class=\"aligncenter logo-desktop\" alt=\"\" \/><img decoding=\"async\" src=\"https:\/\/www.domainedeleglise.com\/wp-content\/uploads\/2021\/10\/Group-192.svg\" class=\"aligncenter logo-mobile\" alt=\"\" \/>\t\t<\/a>\r\n\t<\/p>\r\n\t\n<h1 style=\"text-align: center;\"><span style=\"color: #ffffff;\">Legal<\/span><\/h1>\n[\/vc_column_text][\/vc_column][\/vc_row][vc_row full_height=&#8221;yes&#8221; equal_height=&#8221;yes&#8221; content_placement=&#8221;middle&#8221;][vc_column css_animation=&#8221;fadeInLeft&#8221; width=&#8221;1\/4&#8243;][\/vc_column][vc_column css_animation=&#8221;none&#8221; width=&#8221;2\/4&#8243;][vc_column_text]\n<h2><span style=\"color: #001b2a;\">PERSONAL DATA<\/span><\/h2>\n<p>When a visitor enters contact information and ticks the box asking to receive a reply via the on-line contact form, the Ch\u00e2teau teams reply to this request within 10 business days. This data is not kept once a reply has been given and\/or if the user does not wish to be contacted again. No computer processing for statistical and\/or commercial purposes is carried out beyond the reply.[\/vc_column_text][vc_column_text]\n<h2><span style=\"color: #001b2a;\">USE OF COOKIES<\/span><\/h2>\n<p>To improve statistical performance on website visits, cookies are used on the Ch\u00e2teau du Domaine de l&#8217;Eglise internet website. A cookie is a data file enabling the browsing and click-stream of a website visitor to be understood. No personal information is collected by cookies.[\/vc_column_text][vc_column_text]\n<h2><span style=\"color: #001b2a;\">INTELLECTUAL PROPERTY<\/span><\/h2>\n<p>All unauthorised reproduction or distribution of the whole or a part of the elements and information of this website is prohibited. The content is available for private and non-collective use. The intellectual property code, authorising solely, under the terms of article L. 122-5.2\u00b0 and 3\u00b0a, on the one hand, \u201ccopies or reproductions strictly reserved for the private use of the copyist and not intended for a collective use\u201d and, on the other hand, analyses and short quotations for the purpose of example and illustration, \u201cany representation or reproduction, either complete or partial, made without the consent of the author or his successors in title or assigns is unlawful.\u201d (Art. L. 122-4). This representation or reproduction, made by any means whatsoever, would therefore constitute an infringement sanctioned by article L. 335-2 and subsequent articles of the intellectual property code.[\/vc_column_text][vc_column_text]\n<h2><span style=\"color: #001b2a;\">PUBLISHER<\/span><\/h2>\n<p>Headquarter: Ch\u00e2teau du Domaine de l&#8217;\u00c9glise, 88 Quai de Bacalan 33300 Bordeaux<br \/>\nCompany type: Soci\u00e9t\u00e9 de fait entre personnes physiques<br \/>\nSIREN number: 333464097<br \/>\nTVA number: FR69333464097<br \/>\nEmail Adress: domaines@borie-manoux.fr<br \/>\nPhone: +33 (0)5.56.00.00.70[\/vc_column_text][vc_column_text]\n<h2><span style=\"color: #001b2a;\">PRESIDENT<\/span><\/h2>\n<p>Philippe Cast\u00e9ja[\/vc_column_text][vc_column_text]\n<h2><span style=\"color: #001b2a;\">WEBSITE HOST<\/span><\/h2>\n<p>Exalto<br \/>\n4 rue Ren\u00e9 Martrenchar<br \/>\n33150 Cenon<br \/>\n05.56.32.62.63<br \/>\n<a href=\"https:\/\/www.ex-alto.com\/\" target=\"_blank\" rel=\"noopener noreferrer\">www.ex-alto.com<\/a>[\/vc_column_text][vc_column_text css=&#8221;&#8221;]\n<h2><span style=\"color: #001b2a;\">DESIGN &amp; DEVELOPMENT <\/span><\/h2>\n<p>Kaizen Agency<br \/>\n9 rue Andr\u00e9 Darbon<br \/>\n33300 Bordeaux<br \/>\n05 35 54 22 81<br \/>\n<a href=\"https:\/\/www.kaizen-agency.fr\/\">www.kaizen-agency.fr<\/a><\/p>\n[\/vc_column_text][vc_column_text]\n<h2><span style=\"color: #001b2a;\">PHOTOS CREDITS<\/span><\/h2>\n<p>Sarah Matthews<br \/>\nPatrick Cronenberg<br \/>\nJulie Rey[\/vc_column_text][vc_column_text]\n<h2><span style=\"color: #001b2a;\">EDITING AND PUBLISHING<\/span><\/h2>\n<p>Fr\u00e9d\u00e9ric Cast\u00e9ja<br \/>\nMarie Repain[\/vc_column_text][vc_column_text]\n<h2><span style=\"color: #001b2a;\">TECHNICAL<\/span><\/h2>\n<p>St\u00e9phane Perot[\/vc_column_text][\/vc_column][vc_column width=&#8221;1\/4&#8243;][\/vc_column][\/vc_row]\n<\/div>","protected":false},"excerpt":{"rendered":"<p>[vc_row full_height=&#8221;yes&#8221; columns_placement=&#8221;stretch&#8221; el_class=&#8221;vc_row_intro&#8221; css=&#8221;.vc_custom_1636624919412{background-image: url(https:\/\/www.domainedeleglise.com\/wp-content\/uploads\/2021\/11\/BLOC-1-7H0A4936-scaled.jpg?id=5038) !important;background-position: center !important;background-repeat: no-repeat !important;background-size: cover !important;}&#8221; el_id=&#8221;section-1&#8243;][vc_column][vc_column_text] Legal [\/vc_column_text][\/vc_column][\/vc_row][vc_row full_height=&#8221;yes&#8221; equal_height=&#8221;yes&#8221; content_placement=&#8221;middle&#8221;][vc_column css_animation=&#8221;fadeInLeft&#8221; width=&#8221;1\/4&#8243;][\/vc_column][vc_column css_animation=&#8221;none&#8221; width=&#8221;2\/4&#8243;][vc_column_text] PERSONAL DATA When a visitor (&#8230;)<\/p>\n","protected":false},"author":3,"featured_media":0,"parent":0,"menu_order":0,"comment_status":"closed","ping_status":"open","template":"","meta":{"footnotes":""},"class_list":["post-5714","page","type-page","status-publish","hentry"],"yoast_head":"<!-- This site is optimized with the Yoast SEO plugin v26.1.1 - https:\/\/yoast.com\/wordpress\/plugins\/seo\/ -->\n<title>Legal - Ch\u00e2teau du Domaine de l\u2019\u00c9glise - Grand Cru Classe en 1855<\/title>\n<meta name=\"robots\" content=\"index, follow, max-snippet:-1, max-image-preview:large, max-video-preview:-1\" \/>\n<link rel=\"canonical\" href=\"https:\/\/www.domainedeleglise.com\/en\/legal\/\" \/>\n<meta property=\"og:locale\" content=\"en_US\" \/>\n<meta property=\"og:type\" content=\"article\" \/>\n<meta property=\"og:title\" content=\"Legal - Ch\u00e2teau du Domaine de l\u2019\u00c9glise - Grand Cru Classe en 1855\" \/>\n<meta property=\"og:description\" content=\"[vc_row full_height=&#8221;yes&#8221; columns_placement=&#8221;stretch&#8221; el_class=&#8221;vc_row_intro&#8221; css=&#8221;.vc_custom_1636624919412{background-image: url(https:\/\/www.domainedeleglise.com\/wp-content\/uploads\/2021\/11\/BLOC-1-7H0A4936-scaled.jpg?id=5038) !important;background-position: center !important;background-repeat: no-repeat !important;background-size: cover !important;}&#8221; el_id=&#8221;section-1&#8243;][vc_column][vc_column_text] Legal [\/vc_column_text][\/vc_column][\/vc_row][vc_row full_height=&#8221;yes&#8221; equal_height=&#8221;yes&#8221; content_placement=&#8221;middle&#8221;][vc_column css_animation=&#8221;fadeInLeft&#8221; width=&#8221;1\/4&#8243;][\/vc_column][vc_column css_animation=&#8221;none&#8221; width=&#8221;2\/4&#8243;][vc_column_text] PERSONAL DATA When a visitor (...)\" \/>\n<meta property=\"og:url\" content=\"https:\/\/www.domainedeleglise.com\/en\/legal\/\" \/>\n<meta property=\"og:site_name\" content=\"Ch\u00e2teau du Domaine de l\u2019\u00c9glise\" \/>\n<meta property=\"article:modified_time\" content=\"2025-02-10T16:00:22+00:00\" \/>\n<meta name=\"twitter:card\" content=\"summary_large_image\" \/>\n<meta name=\"twitter:label1\" content=\"Est. reading time\" \/>\n\t<meta name=\"twitter:data1\" content=\"2 minutes\" \/>\n<script type=\"application\/ld+json\" class=\"yoast-schema-graph\">{\"@context\":\"https:\/\/schema.org\",\"@graph\":[{\"@type\":\"WebPage\",\"@id\":\"https:\/\/www.domainedeleglise.com\/en\/legal\/\",\"url\":\"https:\/\/www.domainedeleglise.com\/en\/legal\/\",\"name\":\"Legal - Ch\u00e2teau du Domaine de l\u2019\u00c9glise - Grand Cru Classe en 1855\",\"isPartOf\":{\"@id\":\"https:\/\/www.domainedeleglise.com\/en\/#website\"},\"datePublished\":\"2019-04-16T11:46:56+00:00\",\"dateModified\":\"2025-02-10T16:00:22+00:00\",\"breadcrumb\":{\"@id\":\"https:\/\/www.domainedeleglise.com\/en\/legal\/#breadcrumb\"},\"inLanguage\":\"en-US\",\"potentialAction\":[{\"@type\":\"ReadAction\",\"target\":[\"https:\/\/www.domainedeleglise.com\/en\/legal\/\"]}]},{\"@type\":\"BreadcrumbList\",\"@id\":\"https:\/\/www.domainedeleglise.com\/en\/legal\/#breadcrumb\",\"itemListElement\":[{\"@type\":\"ListItem\",\"position\":1,\"name\":\"Accueil\",\"item\":\"https:\/\/www.domainedeleglise.com\/en\/\"},{\"@type\":\"ListItem\",\"position\":2,\"name\":\"Legal\"}]},{\"@type\":\"WebSite\",\"@id\":\"https:\/\/www.domainedeleglise.com\/en\/#website\",\"url\":\"https:\/\/www.domainedeleglise.com\/en\/\",\"name\":\"Ch\u00e2teau du Domaine de l\u2019\u00c9glise\",\"description\":\"Grand Cru Classe en 1855\",\"potentialAction\":[{\"@type\":\"SearchAction\",\"target\":{\"@type\":\"EntryPoint\",\"urlTemplate\":\"https:\/\/www.domainedeleglise.com\/en\/?s={search_term_string}\"},\"query-input\":{\"@type\":\"PropertyValueSpecification\",\"valueRequired\":true,\"valueName\":\"search_term_string\"}}],\"inLanguage\":\"en-US\"}]}<\/script>\n<!-- \/ Yoast SEO plugin. -->","yoast_head_json":{"title":"Legal - Ch\u00e2teau du Domaine de l\u2019\u00c9glise - Grand Cru Classe en 1855","robots":{"index":"index","follow":"follow","max-snippet":"max-snippet:-1","max-image-preview":"max-image-preview:large","max-video-preview":"max-video-preview:-1"},"canonical":"https:\/\/www.domainedeleglise.com\/en\/legal\/","og_locale":"en_US","og_type":"article","og_title":"Legal - Ch\u00e2teau du Domaine de l\u2019\u00c9glise - Grand Cru Classe en 1855","og_description":"[vc_row full_height=&#8221;yes&#8221; columns_placement=&#8221;stretch&#8221; el_class=&#8221;vc_row_intro&#8221; css=&#8221;.vc_custom_1636624919412{background-image: url(https:\/\/www.domainedeleglise.com\/wp-content\/uploads\/2021\/11\/BLOC-1-7H0A4936-scaled.jpg?id=5038) !important;background-position: center !important;background-repeat: no-repeat !important;background-size: cover !important;}&#8221; el_id=&#8221;section-1&#8243;][vc_column][vc_column_text] Legal [\/vc_column_text][\/vc_column][\/vc_row][vc_row full_height=&#8221;yes&#8221; equal_height=&#8221;yes&#8221; content_placement=&#8221;middle&#8221;][vc_column css_animation=&#8221;fadeInLeft&#8221; width=&#8221;1\/4&#8243;][\/vc_column][vc_column css_animation=&#8221;none&#8221; width=&#8221;2\/4&#8243;][vc_column_text] PERSONAL DATA When a visitor (...)","og_url":"https:\/\/www.domainedeleglise.com\/en\/legal\/","og_site_name":"Ch\u00e2teau du Domaine de l\u2019\u00c9glise","article_modified_time":"2025-02-10T16:00:22+00:00","twitter_card":"summary_large_image","twitter_misc":{"Est. reading time":"2 minutes"},"schema":{"@context":"https:\/\/schema.org","@graph":[{"@type":"WebPage","@id":"https:\/\/www.domainedeleglise.com\/en\/legal\/","url":"https:\/\/www.domainedeleglise.com\/en\/legal\/","name":"Legal - Ch\u00e2teau du Domaine de l\u2019\u00c9glise - Grand Cru Classe en 1855","isPartOf":{"@id":"https:\/\/www.domainedeleglise.com\/en\/#website"},"datePublished":"2019-04-16T11:46:56+00:00","dateModified":"2025-02-10T16:00:22+00:00","breadcrumb":{"@id":"https:\/\/www.domainedeleglise.com\/en\/legal\/#breadcrumb"},"inLanguage":"en-US","potentialAction":[{"@type":"ReadAction","target":["https:\/\/www.domainedeleglise.com\/en\/legal\/"]}]},{"@type":"BreadcrumbList","@id":"https:\/\/www.domainedeleglise.com\/en\/legal\/#breadcrumb","itemListElement":[{"@type":"ListItem","position":1,"name":"Accueil","item":"https:\/\/www.domainedeleglise.com\/en\/"},{"@type":"ListItem","position":2,"name":"Legal"}]},{"@type":"WebSite","@id":"https:\/\/www.domainedeleglise.com\/en\/#website","url":"https:\/\/www.domainedeleglise.com\/en\/","name":"Ch\u00e2teau du Domaine de l\u2019\u00c9glise","description":"Grand Cru Classe en 1855","potentialAction":[{"@type":"SearchAction","target":{"@type":"EntryPoint","urlTemplate":"https:\/\/www.domainedeleglise.com\/en\/?s={search_term_string}"},"query-input":{"@type":"PropertyValueSpecification","valueRequired":true,"valueName":"search_term_string"}}],"inLanguage":"en-US"}]}},"_links":{"self":[{"href":"https:\/\/www.domainedeleglise.com\/en\/wp-json\/wp\/v2\/pages\/5714","targetHints":{"allow":["GET"]}}],"collection":[{"href":"https:\/\/www.domainedeleglise.com\/en\/wp-json\/wp\/v2\/pages"}],"about":[{"href":"https:\/\/www.domainedeleglise.com\/en\/wp-json\/wp\/v2\/types\/page"}],"author":[{"embeddable":true,"href":"https:\/\/www.domainedeleglise.com\/en\/wp-json\/wp\/v2\/users\/3"}],"replies":[{"embeddable":true,"href":"https:\/\/www.domainedeleglise.com\/en\/wp-json\/wp\/v2\/comments?post=5714"}],"version-history":[{"count":5,"href":"https:\/\/www.domainedeleglise.com\/en\/wp-json\/wp\/v2\/pages\/5714\/revisions"}],"predecessor-version":[{"id":5818,"href":"https:\/\/www.domainedeleglise.com\/en\/wp-json\/wp\/v2\/pages\/5714\/revisions\/5818"}],"wp:attachment":[{"href":"https:\/\/www.domainedeleglise.com\/en\/wp-json\/wp\/v2\/media?parent=5714"}],"curies":[{"name":"wp","href":"https:\/\/api.w.org\/{rel}","templated":true}]}}